{"id":1716,"date":"2018-02-26T16:29:10","date_gmt":"2018-02-26T15:29:10","guid":{"rendered":"http:\/\/www.velemir-sorger.de\/?page_id=1716"},"modified":"2026-03-14T12:50:57","modified_gmt":"2026-03-14T11:50:57","slug":"konfliktmediation-2-2","status":"publish","type":"page","link":"https:\/\/velemir-sorger.de\/wordpress\/konfliktmediation-2-2\/","title":{"rendered":"Mediation Rosenheim"},"content":{"rendered":"<p>[et_pb_section fb_built=&#8220;1&#8243; admin_label=&#8220;section&#8220; _builder_version=&#8220;4.16&#8243; global_colors_info=&#8220;{}&#8220;][et_pb_row column_structure=&#8220;1_3,1_3,1_3&#8243; _builder_version=&#8220;4.16&#8243; background_size=&#8220;initial&#8220; background_position=&#8220;top_left&#8220; background_repeat=&#8220;repeat&#8220; global_colors_info=&#8220;{}&#8220;][et_pb_column type=&#8220;1_3&#8243; _builder_version=&#8220;4.16&#8243; custom_padding=&#8220;|||&#8220; global_colors_info=&#8220;{}&#8220; custom_padding__hover=&#8220;|||&#8220;][et_pb_text _builder_version=&#8220;4.24.0&#8243; background_size=&#8220;initial&#8220; background_position=&#8220;top_left&#8220; background_repeat=&#8220;repeat&#8220; border_style=&#8220;solid&#8220; global_colors_info=&#8220;{}&#8220;]<\/p>\n<h1>Konfliktmoderation<\/h1>\n<h4>Mehr als ein Kompromiss<\/h4>\n<p>Manchmal gibt es Situationen, in denen zwei Menschen den Weg zu einer Einigung alleine nicht finden. Ein neutraler Dritter, der au\u00dferhalb des Systems steht, kann dabei wertvolle Hilfestellung bieten.<\/p>\n<p>[\/et_pb_text][\/et_pb_column][et_pb_column type=&#8220;1_3&#8243; _builder_version=&#8220;4.16&#8243; custom_padding=&#8220;|||&#8220; global_colors_info=&#8220;{}&#8220; custom_padding__hover=&#8220;|||&#8220;][et_pb_image src=&#8220;https:\/\/velemir-sorger.de\/wordpress\/wp-content\/uploads\/2016\/02\/Fotolia_13072232_S-Konflikt.jpeg&#8220; align_tablet=&#8220;center&#8220; align_phone=&#8220;center&#8220; align_last_edited=&#8220;on|desktop&#8220; _builder_version=&#8220;4.16&#8243; use_border_color=&#8220;off&#8220; border_color=&#8220;#ffffff&#8220; border_style=&#8220;solid&#8220; animation=&#8220;off&#8220; sticky=&#8220;off&#8220; always_center_on_mobile=&#8220;on&#8220; global_colors_info=&#8220;{}&#8220;][\/et_pb_image][\/et_pb_column][et_pb_column type=&#8220;1_3&#8243; _builder_version=&#8220;4.16&#8243; custom_padding=&#8220;|||&#8220; global_colors_info=&#8220;{}&#8220; custom_padding__hover=&#8220;|||&#8220;][et_pb_text _builder_version=&#8220;4.16&#8243; border_style=&#8220;solid&#8220; global_colors_info=&#8220;{}&#8220;]<\/p>\n<h1>Mediation und F\u00fchrung<\/h1>\n<p>Mediation leistet inzwischen eine wichtige Supportfunktion in anderen Disziplinen.<\/p>\n<p>So werden in der Personalf\u00fchrung sp\u00fcrbar bessere Ergebnisse erzielt, wenn die F\u00fchrungskraft es versteht, mediative Elemente in der F\u00fchrungskommunikation einzusetzen.<br \/>\n[\/et_pb_text][\/et_pb_column][\/et_pb_row][et_pb_row _builder_version=&#8220;4.16&#8243; background_size=&#8220;initial&#8220; background_position=&#8220;top_left&#8220; background_repeat=&#8220;repeat&#8220; global_colors_info=&#8220;{}&#8220;][et_pb_column type=&#8220;4_4&#8243; _builder_version=&#8220;4.16&#8243; custom_padding=&#8220;|||&#8220; global_colors_info=&#8220;{}&#8220; custom_padding__hover=&#8220;|||&#8220;][et_pb_text _builder_version=&#8220;4.16&#8243; border_style=&#8220;solid&#8220; global_colors_info=&#8220;{}&#8220;]<strong>&#8222;Bleiben wir doch sachlich&#8220; &#8211; Ein Ansatz, dem wir nicht folgen k\u00f6nnen. Unser Schl\u00fcssel zur Konfliktl\u00f6sung sind die Emotionen.<\/strong><\/p>\n<p class=\"text\">Unser Ziel: \u00dcber die Entschl\u00fcsselung der relevanten Emotionen finden wir den Weg zur konstruktiven Konfliktbeilegung. So werden im Laufe dieses Prozesses aus Konfliktparteien wieder Personen, die zu einem kooperativen &#8222;Miteinander&#8220; finden.<\/p>\n<h5 class=\"text\"><span style=\"color: #ff9900;\">Wir k\u00fcmmern uns um<\/span><\/h5>\n<ul>\n<li>Familienkonflikte \/ Paarkonflikte<\/li>\n<li>Mitarbeiter- und Teamkonflikte<\/li>\n<li>Konflikte mit dem Vorgesetzten<\/li>\n<li>Vorstands- oder Gremienkonflikte<\/li>\n<li>Nachfolge-Auseinandersetzungen &#8211; auch im Sinne von Prozessbegleitung und Konflikt<strong>vermeidung.<\/strong><\/li>\n<\/ul>\n<p><em>Wenn Sie als <strong>Steuerberater oder Anwalt<\/strong> eine Nachfolgeregelung erarbeiten, sprechen Sie uns an, wie wir den Prozess auf der pers\u00f6nlichen Ebene konstruktiv unterst\u00fctzen k\u00f6nnen. Mehr dazu <a href=\"https:\/\/velemir-sorger.de\/wordpress\/persoenliche-aspekte-der-nachfolge\/\" target=\"_blank\" rel=\"noopener\">&gt;&gt;&gt; hier.<\/a><\/em><br \/>\n[\/et_pb_text][et_pb_text _builder_version=&#8220;4.16&#8243; background_size=&#8220;initial&#8220; background_position=&#8220;top_left&#8220; background_repeat=&#8220;repeat&#8220; border_style=&#8220;solid&#8220; global_colors_info=&#8220;{}&#8220;]In unsere Einzelseminare und Ausbildungszyklen zu Leadership\/F\u00fchrung flie\u00dfen deshalb wesentliche Elemente aus der Mediation ein.<\/p>\n<h2 style=\"text-align: center;\"><span style=\"color: #ff9900;\">Neuromediation<\/span><\/h2>\n<p style=\"text-align: center;\">nach Dr. Heinz Strau\u00df,<br \/>\nLehr- und Forschungsinstitut f\u00fcr systemische Studien M\u00fcnchen<br \/>\nKooperationsinstitut der Stiftungsfachhochschule M\u00fcnchen<\/p>\n<p style=\"text-align: center;\"><a href=\"https:\/\/i0.wp.com\/velemir-sorger.de\/wordpress\/wp-content\/uploads\/2016\/02\/LFI_STIFT.jpg?ssl=1\"><img data-recalc-dims=\"1\" loading=\"lazy\" decoding=\"async\" class=\"size-medium wp-image-1562 aligncenter\" src=\"https:\/\/i0.wp.com\/velemir-sorger.de\/wordpress\/wp-content\/uploads\/2016\/02\/LFI_STIFT.jpg?resize=300%2C107&#038;ssl=1\" alt=\"\" width=\"300\" height=\"107\" srcset=\"https:\/\/i0.wp.com\/velemir-sorger.de\/wordpress\/wp-content\/uploads\/2016\/02\/LFI_STIFT.jpg?resize=300%2C107&amp;ssl=1 300w, https:\/\/i0.wp.com\/velemir-sorger.de\/wordpress\/wp-content\/uploads\/2016\/02\/LFI_STIFT.jpg?w=441&amp;ssl=1 441w\" sizes=\"auto, (max-width: 300px) 100vw, 300px\" \/><\/a><\/p>\n<p style=\"text-align: center;\">Einen Vergleich verschiedner Mediationsstile finden Sie<a href=\"https:\/\/velemir-sorger.de\/wordpress\/wp-content\/uploads\/2016\/03\/Interviewstudie_Mediationsstile.pdf\" target=\"_blank\" rel=\"noopener\"> &gt;&gt;&gt; hier<\/a><\/p>\n<p>[\/et_pb_text][\/et_pb_column][\/et_pb_row][et_pb_row column_structure=&#8220;1_2,1_2&#8243; admin_label=&#8220;row&#8220; _builder_version=&#8220;4.16&#8243; background_size=&#8220;initial&#8220; background_position=&#8220;top_left&#8220; background_repeat=&#8220;repeat&#8220; global_colors_info=&#8220;{}&#8220;][et_pb_column type=&#8220;1_2&#8243; _builder_version=&#8220;4.16&#8243; custom_padding=&#8220;|||&#8220; global_colors_info=&#8220;{}&#8220; custom_padding__hover=&#8220;|||&#8220;][\/et_pb_column][et_pb_column type=&#8220;1_2&#8243; _builder_version=&#8220;4.16&#8243; custom_padding=&#8220;|||&#8220; global_colors_info=&#8220;{}&#8220; custom_padding__hover=&#8220;|||&#8220;][\/et_pb_column][\/et_pb_row][\/et_pb_section]<\/p>\n<div class=\"twoclick_social_bookmarks_post_1716 social_share_privacy clearfix 1.6.4 locale-de_DE sprite-de_DE\"><\/div><div class=\"twoclick-js\"><script type=\"text\/javascript\">\/* <![CDATA[ *\/\njQuery(document).ready(function($){if($('.twoclick_social_bookmarks_post_1716')){$('.twoclick_social_bookmarks_post_1716').socialSharePrivacy({\"services\":{\"facebook\":{\"status\":\"on\",\"txt_info\":\"2 Klicks f\\u00fcr mehr Datenschutz: Erst wenn Sie hier klicken, wird der Button aktiv und Sie k\\u00f6nnen Ihre Empfehlung an Facebook senden. Schon beim Aktivieren werden Daten an Dritte \\u00fcbertragen - siehe <em>i<\\\/em>.\",\"perma_option\":\"off\",\"action\":\"like\",\"language\":\"de_DE\"},\"twitter\":{\"reply_to\":\"\",\"tweet_text\":\"Mediation%20Rosenheim%20%C2%BB%20velemir-sorger.de\",\"status\":\"on\",\"txt_info\":\"2 Klicks f\\u00fcr mehr Datenschutz: Erst wenn Sie hier klicken, wird der Button aktiv und Sie k\\u00f6nnen Ihre Empfehlung an Twitter senden. Schon beim Aktivieren werden Daten an Dritte \\u00fcbertragen - siehe <em>i<\\\/em>.\",\"perma_option\":\"off\",\"language\":\"de\",\"referrer_track\":\"\"},\"gplus\":{\"status\":\"on\",\"txt_info\":\"2 Klicks f\\u00fcr mehr Datenschutz: Erst wenn Sie hier klicken, wird der Button aktiv und Sie k\\u00f6nnen Ihre Empfehlung an Google+ senden. Schon beim Aktivieren werden Daten an Dritte \\u00fcbertragen - siehe <em>i<\\\/em>.\",\"perma_option\":\"off\",\"referrer_track\":\"\"},\"xing\":{\"status\":\"on\",\"txt_info\":\"2 Klicks f\\u00fcr mehr Datenschutz: Erst wenn Sie hier klicken, wird der Button aktiv und Sie k\\u00f6nnen Ihre Empfehlung an Xing senden. Schon beim Aktivieren werden Daten an Dritte \\u00fcbertragen - siehe <em>i<\\\/em>.\",\"perma_option\":\"off\",\"language\":\"de\",\"referrer_track\":\"\"},\"pinterest\":{\"status\":\"on\",\"the_excerpt\":\"Mediation Rosenheim\",\"txt_info\":\"2 Klicks f\\u00fcr mehr Datenschutz: Erst wenn Sie hier klicken, wird der Button aktiv und Sie k\\u00f6nnen Ihre Empfehlung an Pinterest senden. Schon beim Aktivieren werden Daten an Dritte \\u00fcbertragen - siehe <em>i<\\\/em>.\",\"perma_option\":\"off\",\"media\":\"https:\\\/\\\/velemir-sorger.de\\\/wordpress\\\/wp-content\\\/uploads\\\/2016\\\/02\\\/LFI_STIFT.jpg\"},\"linkedin\":{\"status\":\"on\",\"txt_info\":\"2 Klicks f\\u00fcr mehr Datenschutz: Erst wenn Sie hier klicken, wird der Button aktiv und Sie k\\u00f6nnen Ihre Empfehlung an LinkedIn senden. Schon beim Aktivieren werden Daten an Dritte \\u00fcbertragen - siehe <em>i<\\\/em>.\",\"perma_option\":\"off\"}},\"txt_help\":\"Wenn Sie diese Felder durch einen Klick aktivieren, werden Informationen an Facebook, Twitter, Flattr, Xing, t3n, LinkedIn, Pinterest oder Google eventuell ins Ausland \\u00fcbertragen und unter Umst\\u00e4nden auch dort gespeichert. N\\u00e4heres erfahren Sie durch einen Klick auf das <em>i<\\\/em>.\",\"settings_perma\":\"Dauerhaft aktivieren und Daten\\u00fcber-tragung zustimmen:\",\"info_link\":\"http:\\\/\\\/www.heise.de\\\/ct\\\/artikel\\\/2-Klicks-fuer-mehr-Datenschutz-1333879.html\",\"uri\":\"https:\\\/\\\/velemir-sorger.de\\\/wordpress\\\/konfliktmediation-2-2\\\/\",\"post_id\":1716,\"post_title_referrer_track\":\"Mediation+Rosenheim\",\"display_infobox\":\"on\"});}});\n\/* ]]> *\/<\/script><\/div>","protected":false},"excerpt":{"rendered":"<p>F\u00fchrung ist Mediation. Personalf\u00fchrung gelingt besser mit Elementen der Mediation und mit einer meditativen Haltung.<br \/>\nWir arbeiten nach der von Dr. Heinz Strau\u00df entwickelten Neuromediation.<\/p>\n","protected":false},"author":3,"featured_media":0,"parent":0,"menu_order":0,"comment_status":"closed","ping_status":"closed","template":"","meta":{"_et_pb_use_builder":"on","_et_pb_old_content":"","_et_gb_content_width":"","footnotes":""},"class_list":["post-1716","page","type-page","status-publish","hentry"],"jetpack_sharing_enabled":true,"_links":{"self":[{"href":"https:\/\/velemir-sorger.de\/wordpress\/wp-json\/wp\/v2\/pages\/1716","targetHints":{"allow":["GET"]}}],"collection":[{"href":"https:\/\/velemir-sorger.de\/wordpress\/wp-json\/wp\/v2\/pages"}],"about":[{"href":"https:\/\/velemir-sorger.de\/wordpress\/wp-json\/wp\/v2\/types\/page"}],"author":[{"embeddable":true,"href":"https:\/\/velemir-sorger.de\/wordpress\/wp-json\/wp\/v2\/users\/3"}],"replies":[{"embeddable":true,"href":"https:\/\/velemir-sorger.de\/wordpress\/wp-json\/wp\/v2\/comments?post=1716"}],"version-history":[{"count":19,"href":"https:\/\/velemir-sorger.de\/wordpress\/wp-json\/wp\/v2\/pages\/1716\/revisions"}],"predecessor-version":[{"id":1941,"href":"https:\/\/velemir-sorger.de\/wordpress\/wp-json\/wp\/v2\/pages\/1716\/revisions\/1941"}],"wp:attachment":[{"href":"https:\/\/velemir-sorger.de\/wordpress\/wp-json\/wp\/v2\/media?parent=1716"}],"curies":[{"name":"wp","href":"https:\/\/api.w.org\/{rel}","templated":true}]}}