{"id":678,"date":"2015-06-20T11:11:28","date_gmt":"2015-06-20T09:11:28","guid":{"rendered":"http:\/\/www.velemir-sorger.de\/wordpress\/?page_id=678"},"modified":"2017-09-18T10:06:13","modified_gmt":"2017-09-18T08:06:13","slug":"service-und-downloads","status":"publish","type":"page","link":"https:\/\/velemir-sorger.de\/wordpress\/service-und-downloads\/","title":{"rendered":"Service &#038; Downloads"},"content":{"rendered":"<p>[et_pb_section bb_built=&#8220;1&#8243; fullwidth=&#8220;on&#8220; specialty=&#8220;off&#8220;][et_pb_fullwidth_header title=&#8220;Service &amp; Downloads&#8220; background_layout=&#8220;light&#8220; text_orientation=&#8220;left&#8220; header_fullscreen=&#8220;off&#8220; header_scroll_down=&#8220;off&#8220; parallax=&#8220;off&#8220; parallax_method=&#8220;off&#8220; content_orientation=&#8220;center&#8220; image_orientation=&#8220;center&#8220; custom_button_one=&#8220;off&#8220; button_one_letter_spacing=&#8220;0&#8243; button_one_use_icon=&#8220;default&#8220; button_one_icon_placement=&#8220;right&#8220; button_one_on_hover=&#8220;on&#8220; button_one_letter_spacing_hover=&#8220;0&#8243; custom_button_two=&#8220;off&#8220; button_two_letter_spacing=&#8220;0&#8243; button_two_use_icon=&#8220;default&#8220; button_two_icon_placement=&#8220;right&#8220; button_two_on_hover=&#8220;on&#8220; button_two_letter_spacing_hover=&#8220;0&#8243; title_font_size=&#8220;24px&#8220; \/][\/et_pb_section][et_pb_section bb_built=&#8220;1&#8243; admin_label=&#8220;section&#8220;][et_pb_row admin_label=&#8220;row&#8220; make_fullwidth=&#8220;off&#8220; use_custom_width=&#8220;off&#8220; width_unit=&#8220;on&#8220; use_custom_gutter=&#8220;off&#8220; gutter_width=&#8220;3&#8243; padding_mobile=&#8220;off&#8220; allow_player_pause=&#8220;off&#8220; parallax=&#8220;off&#8220; parallax_method=&#8220;off&#8220; make_equal=&#8220;off&#8220; parallax_1=&#8220;off&#8220; parallax_method_1=&#8220;off&#8220; parallax_2=&#8220;off&#8220; parallax_method_2=&#8220;off&#8220; column_padding_mobile=&#8220;on&#8220; background_position=&#8220;top_left&#8220; background_repeat=&#8220;repeat&#8220; background_size=&#8220;initial&#8220;][et_pb_column type=&#8220;1_2&#8243;][et_pb_accordion toggle_font_size=&#8220;16&#8243; body_font_size=&#8220;14&#8243; use_border_color=&#8220;off&#8220; border_color=&#8220;#ffffff&#8220; border_style=&#8220;solid&#8220;] [et_pb_accordion_item title=&#8220;Imagebrosch\u00fcre&#8220;]<\/p>\n<p>Wenn Sie unsere Imagebrosch\u00fcre erhalten wollen, notieren Sie bitte &#8222;Image&#8220; in das E-Mail-Feld rechts bzw. unten<\/p>\n<p>[\/et_pb_accordion_item][et_pb_accordion_item title=&#8220;Die ersten 100 Tage&#8220;]<\/p>\n<p>Schnell Fu\u00df fassen im neuen Team. Informationen zum Coachingprogramm &#8222;Die ersten hundert Tage als neuer Chef&#8220; erhalten Sie, wenn Sie &#8222;100 Tage&#8220; in das neben-\/untenstehende E-Mail-Feld eintragen<\/p>\n<p>[\/et_pb_accordion_item][et_pb_accordion_item title=&#8220;Teamcoaching auf Klassik-Yacht&#8220;]<\/p>\n<p>Wenn Sie sich f\u00fcr ein Team-Event der besonderen Art interessieren notieren Sie &#8222;Evaine&#8220; in das E-Mail-Feld rechts bzw. unten.<br \/>\nSie erhalten dann die Brosch\u00fcre \u00fcber ein Teamcoaching auf der Klassik-Yacht Evaine, einem 12er Admirals-Cupper.<\/p>\n<p>[\/et_pb_accordion_item][et_pb_accordion_item title=&#8220;Potenzialanalysen&#8220;]<\/p>\n<p>Wenn Sie sich f\u00fcr unsere Systeme zur Eignungsdiagnostik und Potenzialanalyse interessieren notieren Sie bitte &#8222;Potenzial&#8220; in das rechte E-Mail-Feld<\/p>\n<p>[\/et_pb_accordion_item][et_pb_accordion_item title=&#8220;Jahresgespr\u00e4che&#8220;]<\/p>\n<p>Notieren Sie &#8222;Jahresgespr\u00e4ch&#8220; in das E-Mail-Feld, wenn Sie unser Konzept zur Durchf\u00fchrung von Jahresgespr\u00e4chen samt Leitf\u00e4den erhalten wollen.<\/p>\n<p>[\/et_pb_accordion_item] [\/et_pb_accordion][et_pb_divider color=&#8220;#dd9933&#8243; show_divider=&#8220;on&#8220; divider_style=&#8220;solid&#8220; divider_position=&#8220;center&#8220; hide_on_mobile=&#8220;on&#8220; height=&#8220;50&#8243; divider_weight=&#8220;2&#8243; background_position=&#8220;top_left&#8220; background_repeat=&#8220;repeat&#8220; background_size=&#8220;initial&#8220; _builder_version=&#8220;3.0.63&#8243; \/][et_pb_blurb title=&#8220;Neuromediation im Vergleich &#8211; Interviewstudie&#8220; url=&#8220;https:\/\/velemir-sorger.de\/wordpress\/wp-content\/uploads\/2016\/03\/Interviewstudie_Mediationsstile.pdf&#8220; url_new_window=&#8220;on&#8220; use_icon=&#8220;off&#8220; icon_color=&#8220;#7EBEC5&#8243; use_circle=&#8220;off&#8220; circle_color=&#8220;#7EBEC5&#8243; use_circle_border=&#8220;off&#8220; circle_border_color=&#8220;#7EBEC5&#8243; icon_placement=&#8220;top&#8220; animation=&#8220;top&#8220; background_layout=&#8220;light&#8220; text_orientation=&#8220;left&#8220; use_icon_font_size=&#8220;off&#8220; use_border_color=&#8220;off&#8220; border_color=&#8220;#ffffff&#8220; border_style=&#8220;solid&#8220; background_position=&#8220;top_left&#8220; background_repeat=&#8220;repeat&#8220; background_size=&#8220;initial&#8220; _builder_version=&#8220;3.0.63&#8243;]<\/p>\n<p>Hier finden Sie eine explorative Interviewstudie, die <strong>unterschiedliche Mediationsstile<\/strong> vergleichend evaluiert und von Frau Dr. Windisch von der Universit\u00e4t Basel im Auftrag des Europ\u00e4ischen Berufsverbandes f\u00fcr eigenst\u00e4ndige Mediation, EBEM durchgef\u00fchrt worden ist. Die <strong>Neuromediation<\/strong> ist als eigenst\u00e4ndiger Mediationsstil in der Interviewstudie vertreten. Das Interview fand mit Dr. Heinz Strau\u00df statt.<\/p>\n<p>[\/et_pb_blurb][\/et_pb_column][et_pb_column type=&#8220;1_2&#8243;][et_pb_contact_form captcha=&#8220;on&#8220; email=&#8220;material@velemir-sorger.de&#8220; title=&#8220;Informationen anfordern &#8230;&#8220; use_border_color=&#8220;off&#8220; border_color=&#8220;#ffffff&#8220; border_style=&#8220;solid&#8220; custom_button=&#8220;off&#8220; button_letter_spacing=&#8220;0&#8243; button_use_icon=&#8220;default&#8220; button_icon_placement=&#8220;right&#8220; button_on_hover=&#8220;on&#8220; button_letter_spacing_hover=&#8220;0&#8243; form_field_line_height=&#8220;1em&#8220; use_redirect=&#8220;off&#8220; input_border_radius=&#8220;0&#8243; title_font_size=&#8220;18&#8243; form_field_line_height_last_edited=&#8220;off|phone&#8220;] [et_pb_contact_field field_title=&#8220;Name&#8220; field_type=&#8220;input&#8220; field_id=&#8220;Name&#8220; required_mark=&#8220;on&#8220; fullwidth_field=&#8220;off&#8220;] [\/et_pb_contact_field][et_pb_contact_field field_id=&#8220;Vorname&#8220; field_title=&#8220;Vorname&#8220; field_type=&#8220;input&#8220; required_mark=&#8220;on&#8220; fullwidth_field=&#8220;on&#8220; form_field_font_select=&#8220;default&#8220; form_field_font=&#8220;||||&#8220; use_border_color=&#8220;off&#8220; border_style=&#8220;solid&#8220; \/][et_pb_contact_field field_id=&#8220;Str&#8220; field_title=&#8220;Stra\u00dfe&#8220; field_type=&#8220;input&#8220; required_mark=&#8220;on&#8220; fullwidth_field=&#8220;on&#8220; form_field_font_select=&#8220;default&#8220; form_field_font=&#8220;||||&#8220; use_border_color=&#8220;off&#8220; border_style=&#8220;solid&#8220; \/][et_pb_contact_field field_id=&#8220;PLZ&#8220; field_title=&#8220;Postleitzahl&#8220; field_type=&#8220;input&#8220; required_mark=&#8220;on&#8220; fullwidth_field=&#8220;on&#8220; form_field_font_select=&#8220;default&#8220; form_field_font=&#8220;||||&#8220; use_border_color=&#8220;off&#8220; border_style=&#8220;solid&#8220; \/][et_pb_contact_field field_id=&#8220;Ort&#8220; field_title=&#8220;Ort&#8220; field_type=&#8220;input&#8220; required_mark=&#8220;on&#8220; fullwidth_field=&#8220;on&#8220; form_field_font_select=&#8220;default&#8220; form_field_font=&#8220;||||&#8220; use_border_color=&#8220;off&#8220; border_style=&#8220;solid&#8220; \/][et_pb_contact_field field_title=&#8220;E-Mail-Adresse&#8220; field_type=&#8220;email&#8220; field_id=&#8220;Email&#8220; required_mark=&#8220;on&#8220; fullwidth_field=&#8220;off&#8220;] [\/et_pb_contact_field][et_pb_contact_field field_title=&#8220;Nachricht&#8220; field_type=&#8220;text&#8220; field_id=&#8220;Message&#8220; required_mark=&#8220;on&#8220;] [\/et_pb_contact_field] [\/et_pb_contact_form][\/et_pb_column][\/et_pb_row][\/et_pb_section]<\/p>\n<div class=\"twoclick_social_bookmarks_post_678 social_share_privacy clearfix 1.6.4 locale-de_DE sprite-de_DE\"><\/div><div class=\"twoclick-js\"><script type=\"text\/javascript\">\/* <![CDATA[ *\/\njQuery(document).ready(function($){if($('.twoclick_social_bookmarks_post_678')){$('.twoclick_social_bookmarks_post_678').socialSharePrivacy({\"services\":{\"facebook\":{\"status\":\"on\",\"txt_info\":\"2 Klicks f\\u00fcr mehr Datenschutz: Erst wenn Sie hier klicken, wird der Button aktiv und Sie k\\u00f6nnen Ihre Empfehlung an Facebook senden. Schon beim Aktivieren werden Daten an Dritte \\u00fcbertragen - siehe <em>i<\\\/em>.\",\"perma_option\":\"off\",\"action\":\"like\",\"language\":\"de_DE\"},\"twitter\":{\"reply_to\":\"\",\"tweet_text\":\"Service%20%26%20Downloads%20%C2%BB%20velemir-sorger.de\",\"status\":\"on\",\"txt_info\":\"2 Klicks f\\u00fcr mehr Datenschutz: Erst wenn Sie hier klicken, wird der Button aktiv und Sie k\\u00f6nnen Ihre Empfehlung an Twitter senden. Schon beim Aktivieren werden Daten an Dritte \\u00fcbertragen - siehe <em>i<\\\/em>.\",\"perma_option\":\"off\",\"language\":\"de\",\"referrer_track\":\"\"},\"gplus\":{\"status\":\"on\",\"txt_info\":\"2 Klicks f\\u00fcr mehr Datenschutz: Erst wenn Sie hier klicken, wird der Button aktiv und Sie k\\u00f6nnen Ihre Empfehlung an Google+ senden. Schon beim Aktivieren werden Daten an Dritte \\u00fcbertragen - siehe <em>i<\\\/em>.\",\"perma_option\":\"off\",\"referrer_track\":\"\"},\"xing\":{\"status\":\"on\",\"txt_info\":\"2 Klicks f\\u00fcr mehr Datenschutz: Erst wenn Sie hier klicken, wird der Button aktiv und Sie k\\u00f6nnen Ihre Empfehlung an Xing senden. Schon beim Aktivieren werden Daten an Dritte \\u00fcbertragen - siehe <em>i<\\\/em>.\",\"perma_option\":\"off\",\"language\":\"de\",\"referrer_track\":\"\"},\"pinterest\":{\"status\":\"on\",\"the_excerpt\":\"Service &#038; Downloads\",\"txt_info\":\"2 Klicks f\\u00fcr mehr Datenschutz: Erst wenn Sie hier klicken, wird der Button aktiv und Sie k\\u00f6nnen Ihre Empfehlung an Pinterest senden. Schon beim Aktivieren werden Daten an Dritte \\u00fcbertragen - siehe <em>i<\\\/em>.\",\"perma_option\":\"off\",\"media\":\"https:\\\/\\\/velemir-sorger.de\\\/wordpress\\\/wp-content\\\/uploads\\\/2016\\\/04\\\/kreis_allein.jpg\"},\"linkedin\":{\"status\":\"on\",\"txt_info\":\"2 Klicks f\\u00fcr mehr Datenschutz: Erst wenn Sie hier klicken, wird der Button aktiv und Sie k\\u00f6nnen Ihre Empfehlung an LinkedIn senden. Schon beim Aktivieren werden Daten an Dritte \\u00fcbertragen - siehe <em>i<\\\/em>.\",\"perma_option\":\"off\"}},\"txt_help\":\"Wenn Sie diese Felder durch einen Klick aktivieren, werden Informationen an Facebook, Twitter, Flattr, Xing, t3n, LinkedIn, Pinterest oder Google eventuell ins Ausland \\u00fcbertragen und unter Umst\\u00e4nden auch dort gespeichert. N\\u00e4heres erfahren Sie durch einen Klick auf das <em>i<\\\/em>.\",\"settings_perma\":\"Dauerhaft aktivieren und Daten\\u00fcber-tragung zustimmen:\",\"info_link\":\"http:\\\/\\\/www.heise.de\\\/ct\\\/artikel\\\/2-Klicks-fuer-mehr-Datenschutz-1333879.html\",\"uri\":\"https:\\\/\\\/velemir-sorger.de\\\/wordpress\\\/service-und-downloads\\\/\",\"post_id\":678,\"post_title_referrer_track\":\"Service+%26%23038%3B+Downloads\",\"display_infobox\":\"on\"});}});\n\/* ]]> *\/<\/script><\/div>","protected":false},"excerpt":{"rendered":"<p>Wenn Sie unsere Imagebrosch\u00fcre erhalten wollen, notieren Sie bitte &#8222;Image&#8220; in das E-Mail-Feld rechts bzw. unten Schnell Fu\u00df fassen im neuen Team. Informationen zum Coachingprogramm &#8222;Die ersten hundert Tage als neuer Chef&#8220; erhalten Sie, wenn Sie &#8222;100 Tage&#8220; in das neben-\/untenstehende E-Mail-Feld eintragen Wenn Sie sich f\u00fcr ein Team-Event der besonderen Art interessieren notieren Sie [&hellip;]<\/p>\n","protected":false},"author":5,"featured_media":0,"parent":0,"menu_order":0,"comment_status":"open","ping_status":"open","template":"","meta":{"_et_pb_use_builder":"on","_et_pb_old_content":"","_et_gb_content_width":"","footnotes":""},"class_list":["post-678","page","type-page","status-publish","hentry"],"jetpack_sharing_enabled":true,"_links":{"self":[{"href":"https:\/\/velemir-sorger.de\/wordpress\/wp-json\/wp\/v2\/pages\/678","targetHints":{"allow":["GET"]}}],"collection":[{"href":"https:\/\/velemir-sorger.de\/wordpress\/wp-json\/wp\/v2\/pages"}],"about":[{"href":"https:\/\/velemir-sorger.de\/wordpress\/wp-json\/wp\/v2\/types\/page"}],"author":[{"embeddable":true,"href":"https:\/\/velemir-sorger.de\/wordpress\/wp-json\/wp\/v2\/users\/5"}],"replies":[{"embeddable":true,"href":"https:\/\/velemir-sorger.de\/wordpress\/wp-json\/wp\/v2\/comments?post=678"}],"version-history":[{"count":15,"href":"https:\/\/velemir-sorger.de\/wordpress\/wp-json\/wp\/v2\/pages\/678\/revisions"}],"predecessor-version":[{"id":1616,"href":"https:\/\/velemir-sorger.de\/wordpress\/wp-json\/wp\/v2\/pages\/678\/revisions\/1616"}],"wp:attachment":[{"href":"https:\/\/velemir-sorger.de\/wordpress\/wp-json\/wp\/v2\/media?parent=678"}],"curies":[{"name":"wp","href":"https:\/\/api.w.org\/{rel}","templated":true}]}}