{"id":896,"date":"2016-02-11T01:13:25","date_gmt":"2016-02-11T00:13:25","guid":{"rendered":"http:\/\/www.velemir-sorger.de\/wordpress\/?page_id=896"},"modified":"2017-08-01T06:15:54","modified_gmt":"2017-08-01T04:15:54","slug":"persoenliche-aspekte-der-nachfolge","status":"publish","type":"page","link":"https:\/\/velemir-sorger.de\/wordpress\/persoenliche-aspekte-der-nachfolge\/","title":{"rendered":"Pers\u00f6nliche Aspekte der Nachfolge"},"content":{"rendered":"<p>[et_pb_section admin_label=&#8220;section&#8220;][et_pb_row admin_label=&#8220;row&#8220;][et_pb_column type=&#8220;1_2&#8243;][et_pb_text admin_label=&#8220;Text&#8220; background_layout=&#8220;light&#8220; text_orientation=&#8220;left&#8220; text_font_size=&#8220;14&#8243; use_border_color=&#8220;off&#8220; border_color=&#8220;#ffffff&#8220; border_style=&#8220;solid&#8220;]<\/p>\n<h2>Pers\u00f6nliche Aspekte der Nachfolge<\/h2>\n<p>Sie denken daran, sich aus Ihrem Unternehmen zur\u00fcckzuziehen? Sie haben vielleicht schon jemanden im Blick, den Sie sich als Nachfolger vorstellen k\u00f6nnen?<\/p>\n<p>In diesem Fall gibt es viel zu pr\u00fcfen und zu entscheiden. Strategische Aspekte ebenso wie steuerliche und finanzielle. F\u00fcr diese Fragen sind Sie vermutlich in &#8222;guten H\u00e4nden&#8220;.<\/p>\n<p>Wir konzentrieren uns in dieser Frage auf die <strong>pers\u00f6nlichen<\/strong> und <strong>zwischenmenschlichen Aspekte<\/strong>. Sie selbst betreffend nat\u00fcrlich aber auch Ihre Nachfolger und die Mitarbeiter. Unser Ziel: den Prozess der \u00dcbergabe und Nachfolge so reibungslos wie m\u00f6glich zu gestalten. Dabei vernetzen wir uns gerne mit Ihren steuerlichen und rechtlichen Beratern.<\/p>\n<p>&nbsp;<\/p>\n<p>[\/et_pb_text][\/et_pb_column][et_pb_column type=&#8220;1_2&#8243;][et_pb_image admin_label=&#8220;Bild&#8220; src=&#8220;https:\/\/velemir-sorger.de\/wordpress\/wp-content\/uploads\/2016\/03\/staffeluebergabe_2.jpg&#8220; show_in_lightbox=&#8220;off&#8220; url_new_window=&#8220;off&#8220; animation=&#8220;left&#8220; sticky=&#8220;off&#8220; align=&#8220;left&#8220; force_fullwidth=&#8220;off&#8220; always_center_on_mobile=&#8220;on&#8220; use_border_color=&#8220;off&#8220; border_color=&#8220;#ffffff&#8220; border_style=&#8220;solid&#8220;] [\/et_pb_image][\/et_pb_column][\/et_pb_row][\/et_pb_section]<\/p>\n<div class=\"twoclick_social_bookmarks_post_896 social_share_privacy clearfix 1.6.4 locale-de_DE sprite-de_DE\"><\/div><div class=\"twoclick-js\"><script type=\"text\/javascript\">\/* <![CDATA[ *\/\njQuery(document).ready(function($){if($('.twoclick_social_bookmarks_post_896')){$('.twoclick_social_bookmarks_post_896').socialSharePrivacy({\"services\":{\"facebook\":{\"status\":\"on\",\"txt_info\":\"2 Klicks f\\u00fcr mehr Datenschutz: Erst wenn Sie hier klicken, wird der Button aktiv und Sie k\\u00f6nnen Ihre Empfehlung an Facebook senden. Schon beim Aktivieren werden Daten an Dritte \\u00fcbertragen - siehe <em>i<\\\/em>.\",\"perma_option\":\"off\",\"action\":\"like\",\"language\":\"de_DE\"},\"twitter\":{\"reply_to\":\"\",\"tweet_text\":\"Pers%C3%B6nliche%20Aspekte%20der%20Nachfolge%20%C2%BB%20velemir-sorger.de\",\"status\":\"on\",\"txt_info\":\"2 Klicks f\\u00fcr mehr Datenschutz: Erst wenn Sie hier klicken, wird der Button aktiv und Sie k\\u00f6nnen Ihre Empfehlung an Twitter senden. Schon beim Aktivieren werden Daten an Dritte \\u00fcbertragen - siehe <em>i<\\\/em>.\",\"perma_option\":\"off\",\"language\":\"de\",\"referrer_track\":\"\"},\"gplus\":{\"status\":\"on\",\"txt_info\":\"2 Klicks f\\u00fcr mehr Datenschutz: Erst wenn Sie hier klicken, wird der Button aktiv und Sie k\\u00f6nnen Ihre Empfehlung an Google+ senden. Schon beim Aktivieren werden Daten an Dritte \\u00fcbertragen - siehe <em>i<\\\/em>.\",\"perma_option\":\"off\",\"referrer_track\":\"\"},\"xing\":{\"status\":\"on\",\"txt_info\":\"2 Klicks f\\u00fcr mehr Datenschutz: Erst wenn Sie hier klicken, wird der Button aktiv und Sie k\\u00f6nnen Ihre Empfehlung an Xing senden. Schon beim Aktivieren werden Daten an Dritte \\u00fcbertragen - siehe <em>i<\\\/em>.\",\"perma_option\":\"off\",\"language\":\"de\",\"referrer_track\":\"\"},\"pinterest\":{\"status\":\"on\",\"the_excerpt\":\"Pers\\u00f6nliche Aspekte der Nachfolge\",\"txt_info\":\"2 Klicks f\\u00fcr mehr Datenschutz: Erst wenn Sie hier klicken, wird der Button aktiv und Sie k\\u00f6nnen Ihre Empfehlung an Pinterest senden. Schon beim Aktivieren werden Daten an Dritte \\u00fcbertragen - siehe <em>i<\\\/em>.\",\"perma_option\":\"off\",\"media\":\"https:\\\/\\\/velemir-sorger.de\\\/wordpress\\\/wp-content\\\/uploads\\\/2016\\\/04\\\/kreis_allein.jpg\"},\"linkedin\":{\"status\":\"on\",\"txt_info\":\"2 Klicks f\\u00fcr mehr Datenschutz: Erst wenn Sie hier klicken, wird der Button aktiv und Sie k\\u00f6nnen Ihre Empfehlung an LinkedIn senden. Schon beim Aktivieren werden Daten an Dritte \\u00fcbertragen - siehe <em>i<\\\/em>.\",\"perma_option\":\"off\"}},\"txt_help\":\"Wenn Sie diese Felder durch einen Klick aktivieren, werden Informationen an Facebook, Twitter, Flattr, Xing, t3n, LinkedIn, Pinterest oder Google eventuell ins Ausland \\u00fcbertragen und unter Umst\\u00e4nden auch dort gespeichert. N\\u00e4heres erfahren Sie durch einen Klick auf das <em>i<\\\/em>.\",\"settings_perma\":\"Dauerhaft aktivieren und Daten\\u00fcber-tragung zustimmen:\",\"info_link\":\"http:\\\/\\\/www.heise.de\\\/ct\\\/artikel\\\/2-Klicks-fuer-mehr-Datenschutz-1333879.html\",\"uri\":\"https:\\\/\\\/velemir-sorger.de\\\/wordpress\\\/persoenliche-aspekte-der-nachfolge\\\/\",\"post_id\":896,\"post_title_referrer_track\":\"Pers%C3%B6nliche+Aspekte+der+Nachfolge\",\"display_infobox\":\"on\"});}});\n\/* ]]> *\/<\/script><\/div>","protected":false},"excerpt":{"rendered":"<p>Wir k\u00fcmmern uns um pers\u00f6nliche Aspekte der Nachfolge. Parallel und gemeinsam mit Ihrem wirtschaftlichen oder steuerlichen Berater unterst\u00fctzen wir das Zustandekommen einvernehmlicher L\u00f6sungen mit Bestand.<\/p>\n","protected":false},"author":5,"featured_media":0,"parent":0,"menu_order":0,"comment_status":"closed","ping_status":"closed","template":"","meta":{"_et_pb_use_builder":"on","_et_pb_old_content":"","_et_gb_content_width":"","footnotes":""},"class_list":["post-896","page","type-page","status-publish","hentry"],"jetpack_sharing_enabled":true,"_links":{"self":[{"href":"https:\/\/velemir-sorger.de\/wordpress\/wp-json\/wp\/v2\/pages\/896","targetHints":{"allow":["GET"]}}],"collection":[{"href":"https:\/\/velemir-sorger.de\/wordpress\/wp-json\/wp\/v2\/pages"}],"about":[{"href":"https:\/\/velemir-sorger.de\/wordpress\/wp-json\/wp\/v2\/types\/page"}],"author":[{"embeddable":true,"href":"https:\/\/velemir-sorger.de\/wordpress\/wp-json\/wp\/v2\/users\/5"}],"replies":[{"embeddable":true,"href":"https:\/\/velemir-sorger.de\/wordpress\/wp-json\/wp\/v2\/comments?post=896"}],"version-history":[{"count":10,"href":"https:\/\/velemir-sorger.de\/wordpress\/wp-json\/wp\/v2\/pages\/896\/revisions"}],"predecessor-version":[{"id":1640,"href":"https:\/\/velemir-sorger.de\/wordpress\/wp-json\/wp\/v2\/pages\/896\/revisions\/1640"}],"wp:attachment":[{"href":"https:\/\/velemir-sorger.de\/wordpress\/wp-json\/wp\/v2\/media?parent=896"}],"curies":[{"name":"wp","href":"https:\/\/api.w.org\/{rel}","templated":true}]}}